{"id":1802,"date":"2016-04-28T14:35:33","date_gmt":"2016-04-28T17:35:33","guid":{"rendered":"http:\/\/melinda.themes.redbrush.ru\/cart\/"},"modified":"2021-04-27T07:18:19","modified_gmt":"2021-04-27T11:18:19","slug":"carrito","status":"publish","type":"page","link":"https:\/\/diargo.cl\/covid\/carrito\/","title":{"rendered":"Carrito"},"content":{"rendered":"\n","protected":false},"excerpt":{"rendered":"","protected":false},"author":1,"featured_media":0,"parent":0,"menu_order":0,"comment_status":"closed","ping_status":"closed","template":"","meta":{"_joinchat":[],"footnotes":""},"class_list":["post-1802","page","type-page","status-publish","hentry"],"yoast_head":"<!-- This site is optimized with the Yoast SEO plugin v27.5 - https:\/\/yoast.com\/product\/yoast-seo-wordpress\/ -->\n<title>Carrito - Diargo Test R\u00e1pidos<\/title>\n<meta name=\"robots\" content=\"index, follow, max-snippet:-1, max-image-preview:large, max-video-preview:-1\" \/>\n<link rel=\"canonical\" href=\"https:\/\/diargo.cl\/covid\/carrito\/\" \/>\n<meta property=\"og:locale\" content=\"es_ES\" \/>\n<meta property=\"og:type\" content=\"article\" \/>\n<meta property=\"og:title\" content=\"Carrito - Diargo Test R\u00e1pidos\" \/>\n<meta property=\"og:url\" content=\"https:\/\/diargo.cl\/covid\/carrito\/\" \/>\n<meta property=\"og:site_name\" content=\"Diargo Test R\u00e1pidos\" \/>\n<meta property=\"article:publisher\" content=\"https:\/\/www.facebook.com\/diargospa\/\" \/>\n<meta property=\"article:modified_time\" content=\"2021-04-27T11:18:19+00:00\" \/>\n<meta name=\"twitter:card\" content=\"summary_large_image\" \/>\n<script type=\"application\/ld+json\" class=\"yoast-schema-graph\">{\"@context\":\"https:\\\/\\\/schema.org\",\"@graph\":[{\"@type\":\"WebPage\",\"@id\":\"https:\\\/\\\/diargo.cl\\\/covid\\\/carrito\\\/\",\"url\":\"https:\\\/\\\/diargo.cl\\\/covid\\\/carrito\\\/\",\"name\":\"Carrito - Diargo Test R\u00e1pidos\",\"isPartOf\":{\"@id\":\"https:\\\/\\\/diargo.cl\\\/covid\\\/#website\"},\"datePublished\":\"2016-04-28T17:35:33+00:00\",\"dateModified\":\"2021-04-27T11:18:19+00:00\",\"breadcrumb\":{\"@id\":\"https:\\\/\\\/diargo.cl\\\/covid\\\/carrito\\\/#breadcrumb\"},\"inLanguage\":\"es-AR\",\"potentialAction\":[{\"@type\":\"ReadAction\",\"target\":[\"https:\\\/\\\/diargo.cl\\\/covid\\\/carrito\\\/\"]}]},{\"@type\":\"BreadcrumbList\",\"@id\":\"https:\\\/\\\/diargo.cl\\\/covid\\\/carrito\\\/#breadcrumb\",\"itemListElement\":[{\"@type\":\"ListItem\",\"position\":1,\"name\":\"Inicio\",\"item\":\"https:\\\/\\\/diargo.cl\\\/covid\\\/\"},{\"@type\":\"ListItem\",\"position\":2,\"name\":\"Carrito\"}]},{\"@type\":\"WebSite\",\"@id\":\"https:\\\/\\\/diargo.cl\\\/covid\\\/#website\",\"url\":\"https:\\\/\\\/diargo.cl\\\/covid\\\/\",\"name\":\"Diargo Test R\u00e1pidos\",\"description\":\"Test r\u00e1pidos de ant\u00edgenos\",\"publisher\":{\"@id\":\"https:\\\/\\\/diargo.cl\\\/covid\\\/#organization\"},\"potentialAction\":[{\"@type\":\"SearchAction\",\"target\":{\"@type\":\"EntryPoint\",\"urlTemplate\":\"https:\\\/\\\/diargo.cl\\\/covid\\\/?s={search_term_string}\"},\"query-input\":{\"@type\":\"PropertyValueSpecification\",\"valueRequired\":true,\"valueName\":\"search_term_string\"}}],\"inLanguage\":\"es-AR\"},{\"@type\":\"Organization\",\"@id\":\"https:\\\/\\\/diargo.cl\\\/covid\\\/#organization\",\"name\":\"Diargo\",\"url\":\"https:\\\/\\\/diargo.cl\\\/covid\\\/\",\"logo\":{\"@type\":\"ImageObject\",\"inLanguage\":\"es-AR\",\"@id\":\"https:\\\/\\\/diargo.cl\\\/covid\\\/#\\\/schema\\\/logo\\\/image\\\/\",\"url\":\"https:\\\/\\\/diargo.cl\\\/covid\\\/wp-content\\\/uploads\\\/2021\\\/02\\\/cropped-diargao-marca.png\",\"contentUrl\":\"https:\\\/\\\/diargo.cl\\\/covid\\\/wp-content\\\/uploads\\\/2021\\\/02\\\/cropped-diargao-marca.png\",\"width\":200,\"height\":47,\"caption\":\"Diargo\"},\"image\":{\"@id\":\"https:\\\/\\\/diargo.cl\\\/covid\\\/#\\\/schema\\\/logo\\\/image\\\/\"},\"sameAs\":[\"https:\\\/\\\/www.facebook.com\\\/diargospa\\\/\",\"https:\\\/\\\/www.instagram.com\\\/diargo.spa\\\/?hl=es-la\",\"https:\\\/\\\/www.linkedin.com\\\/company\\\/diargospa\\\/about\\\/\"]}]}<\/script>\n<!-- \/ Yoast SEO plugin. -->","yoast_head_json":{"title":"Carrito - Diargo Test R\u00e1pidos","robots":{"index":"index","follow":"follow","max-snippet":"max-snippet:-1","max-image-preview":"max-image-preview:large","max-video-preview":"max-video-preview:-1"},"canonical":"https:\/\/diargo.cl\/covid\/carrito\/","og_locale":"es_ES","og_type":"article","og_title":"Carrito - Diargo Test R\u00e1pidos","og_url":"https:\/\/diargo.cl\/covid\/carrito\/","og_site_name":"Diargo Test R\u00e1pidos","article_publisher":"https:\/\/www.facebook.com\/diargospa\/","article_modified_time":"2021-04-27T11:18:19+00:00","twitter_card":"summary_large_image","schema":{"@context":"https:\/\/schema.org","@graph":[{"@type":"WebPage","@id":"https:\/\/diargo.cl\/covid\/carrito\/","url":"https:\/\/diargo.cl\/covid\/carrito\/","name":"Carrito - Diargo Test R\u00e1pidos","isPartOf":{"@id":"https:\/\/diargo.cl\/covid\/#website"},"datePublished":"2016-04-28T17:35:33+00:00","dateModified":"2021-04-27T11:18:19+00:00","breadcrumb":{"@id":"https:\/\/diargo.cl\/covid\/carrito\/#breadcrumb"},"inLanguage":"es-AR","potentialAction":[{"@type":"ReadAction","target":["https:\/\/diargo.cl\/covid\/carrito\/"]}]},{"@type":"BreadcrumbList","@id":"https:\/\/diargo.cl\/covid\/carrito\/#breadcrumb","itemListElement":[{"@type":"ListItem","position":1,"name":"Inicio","item":"https:\/\/diargo.cl\/covid\/"},{"@type":"ListItem","position":2,"name":"Carrito"}]},{"@type":"WebSite","@id":"https:\/\/diargo.cl\/covid\/#website","url":"https:\/\/diargo.cl\/covid\/","name":"Diargo Test R\u00e1pidos","description":"Test r\u00e1pidos de ant\u00edgenos","publisher":{"@id":"https:\/\/diargo.cl\/covid\/#organization"},"potentialAction":[{"@type":"SearchAction","target":{"@type":"EntryPoint","urlTemplate":"https:\/\/diargo.cl\/covid\/?s={search_term_string}"},"query-input":{"@type":"PropertyValueSpecification","valueRequired":true,"valueName":"search_term_string"}}],"inLanguage":"es-AR"},{"@type":"Organization","@id":"https:\/\/diargo.cl\/covid\/#organization","name":"Diargo","url":"https:\/\/diargo.cl\/covid\/","logo":{"@type":"ImageObject","inLanguage":"es-AR","@id":"https:\/\/diargo.cl\/covid\/#\/schema\/logo\/image\/","url":"https:\/\/diargo.cl\/covid\/wp-content\/uploads\/2021\/02\/cropped-diargao-marca.png","contentUrl":"https:\/\/diargo.cl\/covid\/wp-content\/uploads\/2021\/02\/cropped-diargao-marca.png","width":200,"height":47,"caption":"Diargo"},"image":{"@id":"https:\/\/diargo.cl\/covid\/#\/schema\/logo\/image\/"},"sameAs":["https:\/\/www.facebook.com\/diargospa\/","https:\/\/www.instagram.com\/diargo.spa\/?hl=es-la","https:\/\/www.linkedin.com\/company\/diargospa\/about\/"]}]}},"_links":{"self":[{"href":"https:\/\/diargo.cl\/covid\/wp-json\/wp\/v2\/pages\/1802","targetHints":{"allow":["GET"]}}],"collection":[{"href":"https:\/\/diargo.cl\/covid\/wp-json\/wp\/v2\/pages"}],"about":[{"href":"https:\/\/diargo.cl\/covid\/wp-json\/wp\/v2\/types\/page"}],"author":[{"embeddable":true,"href":"https:\/\/diargo.cl\/covid\/wp-json\/wp\/v2\/users\/1"}],"replies":[{"embeddable":true,"href":"https:\/\/diargo.cl\/covid\/wp-json\/wp\/v2\/comments?post=1802"}],"version-history":[{"count":0,"href":"https:\/\/diargo.cl\/covid\/wp-json\/wp\/v2\/pages\/1802\/revisions"}],"wp:attachment":[{"href":"https:\/\/diargo.cl\/covid\/wp-json\/wp\/v2\/media?parent=1802"}],"curies":[{"name":"wp","href":"https:\/\/api.w.org\/{rel}","templated":true}]}}