{"id":15034,"date":"2021-05-10T11:03:10","date_gmt":"2021-05-10T15:03:10","guid":{"rendered":"https:\/\/diargo.cl\/covid\/?post_type=product&#038;p=15034"},"modified":"2022-06-17T10:29:48","modified_gmt":"2022-06-17T14:29:48","slug":"prueba-rapida-de-antigeno-nasal-sars-cov-2-roche-x-25-tests","status":"publish","type":"product","link":"https:\/\/diargo.cl\/covid\/product\/prueba-rapida-de-antigeno-nasal-sars-cov-2-roche-x-25-tests\/","title":{"rendered":"Test R\u00e1pido NASAL Ant\u00edgeno SARS-Cov-2 (COVID-19) ROCHE (Kit x 25 test) IVA INCLUIDO"},"content":{"rendered":"<p>La prueba r\u00e1pida de ant\u00edgeno nasal del SARS-CoV-2, desarrollada por Roche, es menos invasiva para los pacientes y m\u00e1s segura para el personal de salud (ya que el propio paciente puede tomar la muestra bajo supervisi\u00f3n profesional).<\/p>\n<p>Con la prueba r\u00e1pida de ant\u00edgeno nasal del SARS-CoV-2 obtienes resultados en 15 minutos para tomar decisiones r\u00e1pidas en el punto de atenci\u00f3n. <strong>Esta prueba desarrollada por Roche presenta 90,6% de sensibilidad y 98,6% de especificidad.<\/strong><\/p>\n<p><img loading=\"lazy\" decoding=\"async\" class=\"alignnone size-medium wp-image-15035\" src=\"http:\/\/diargo.cl\/covid\/wp-content\/uploads\/2021\/05\/Captura-de-Pantalla-2021-05-07-a-las-13.57.17-510x436.png\" alt=\"\" width=\"510\" height=\"436\" srcset=\"https:\/\/diargo.cl\/covid\/wp-content\/uploads\/2021\/05\/Captura-de-Pantalla-2021-05-07-a-las-13.57.17-510x436.png 510w, https:\/\/diargo.cl\/covid\/wp-content\/uploads\/2021\/05\/Captura-de-Pantalla-2021-05-07-a-las-13.57.17-580x496.png 580w, https:\/\/diargo.cl\/covid\/wp-content\/uploads\/2021\/05\/Captura-de-Pantalla-2021-05-07-a-las-13.57.17.png 711w\" sizes=\"auto, (max-width: 510px) 100vw, 510px\" \/><br \/>\n<strong>Los resultados se obtienen luego de 15 minutos y la especificidad es de un 98,6%<\/strong><\/p>\n<p>En comparaci\u00f3n con la prueba r\u00e1pida de ant\u00edgenos SARS-CoV-2 de Roche existente, la prueba r\u00e1pida de ant\u00edgenos nasales SARS-CoV-2 recolecta la muestra del \u00e1rea frontal de la nariz en lugar de la nasofaringe, lo que resulta en un procedimiento de prueba m\u00e1s r\u00e1pido y simplificado.1 Este m\u00e9todo de prueba puede ayudar a reducir la incomodidad general del paciente, particularmente en personas sensibles como ni\u00f1os, personas mayores y \/ o personas con discapacidades.<\/p>\n<p>Adem\u00e1s de ser menos invasiva, la prueba tambi\u00e9n brinda a los pacientes la opci\u00f3n de tomar ellos mismos su muestra nasal bajo la supervisi\u00f3n de un profesional de la salud. Mediante la reducci\u00f3n del contacto f\u00edsico, este m\u00e9todo de prueba puede ayudar a disminuir el riesgo de exposici\u00f3n al virus para los profesionales de la salud. Si la prueba tambi\u00e9n se puede utilizar sin la supervisi\u00f3n de un profesional sanitario, depender\u00e1 de los requisitos normativos locales.<\/p>\n<p>&nbsp;<\/p>\n<p><strong>Informaci\u00f3n del kit de prueba<\/strong><\/p>\n<p>El kit est\u00e1 listo para usar y contiene todo el equipo necesario para realizar una prueba.<\/p>\n<p>Los siguientes componentes son necesarios para una prueba y est\u00e1n incluidos en el kit:<\/p>\n<ul>\n<li>Dispositivo de prueba (individualmente en una bolsa de aluminio con desecante)<\/li>\n<li>Tubo de protecci\u00f3n de extracci\u00f3n y gradilla de tubos de protecci\u00f3n<\/li>\n<li>Tapa de la boquilla<\/li>\n<li>Hisopo esterilizado<\/li>\n<li>Instrucciones de uso y gu\u00eda de referencia r\u00e1pida<\/li>\n<li>Controles positivos y negativos<\/li>\n<\/ul>\n<p><strong>Este producto permite realizar veinticinco (25) pruebas individuales.<\/strong><\/p>\n<p>&nbsp;<\/p>\n<p>Precio con IVA INCLUIDO<\/p>\n<p>&nbsp;<\/p>\n<p>&nbsp;<\/p>\n","protected":false},"excerpt":{"rendered":"<p>Inmunoensayo cromatogr\u00e1fico r\u00e1pido y confiable para la detecci\u00f3n cualitativa del ant\u00edgeno nucleoc\u00e1psido presente en muestras nasales humanas. Con la prueba r\u00e1pida de ant\u00edgeno nasal del SARS-CoV-2 obtienes resultados en 15 minutos para tomar decisiones r\u00e1pidas en el punto de atenci\u00f3n. <strong>Esta prueba desarrollada por Roche presenta 90,6% de sensibilidad y 98,6% de especificidad.<\/strong><\/p>\n<p>&nbsp;<\/p>\n<p>Precio con IVA INCLUIDO<\/p>\n","protected":false},"featured_media":15037,"template":"","meta":{"_joinchat":[]},"product_brand":[],"product_cat":[75],"product_tag":[],"class_list":{"0":"post-15034","1":"product","2":"type-product","3":"status-publish","4":"has-post-thumbnail","6":"product_cat-test-antigenos","8":"first","9":"instock","10":"sale","11":"purchasable","12":"product-type-simple"},"yoast_head":"<!-- This site is optimized with the Yoast SEO plugin v27.3 - https:\/\/yoast.com\/product\/yoast-seo-wordpress\/ -->\n<title>Test R\u00e1pido NASAL Ant\u00edgeno SARS-Cov-2 (COVID-19) ROCHE (Kit x 25 test) IVA INCLUIDO - Diargo Test R\u00e1pidos<\/title>\n<meta name=\"robots\" content=\"index, follow, max-snippet:-1, max-image-preview:large, max-video-preview:-1\" \/>\n<link rel=\"canonical\" href=\"https:\/\/diargo.cl\/covid\/product\/prueba-rapida-de-antigeno-nasal-sars-cov-2-roche-x-25-tests\/\" \/>\n<meta property=\"og:locale\" content=\"es_ES\" \/>\n<meta property=\"og:type\" content=\"article\" \/>\n<meta property=\"og:title\" content=\"Test R\u00e1pido NASAL Ant\u00edgeno SARS-Cov-2 (COVID-19) ROCHE (Kit x 25 test) IVA INCLUIDO - Diargo Test R\u00e1pidos\" \/>\n<meta property=\"og:description\" content=\"Inmunoensayo cromatogr\u00e1fico r\u00e1pido y confiable para la detecci\u00f3n cualitativa del ant\u00edgeno nucleoc\u00e1psido presente en muestras nasales humanas. Con la prueba r\u00e1pida de ant\u00edgeno nasal del SARS-CoV-2 obtienes resultados en 15 minutos para tomar decisiones r\u00e1pidas en el punto de atenci\u00f3n. Esta prueba desarrollada por Roche presenta 90,6% de sensibilidad y 98,6% de especificidad.  &nbsp;  Precio con IVA INCLUIDO\" \/>\n<meta property=\"og:url\" content=\"https:\/\/diargo.cl\/covid\/product\/prueba-rapida-de-antigeno-nasal-sars-cov-2-roche-x-25-tests\/\" \/>\n<meta property=\"og:site_name\" content=\"Diargo Test R\u00e1pidos\" \/>\n<meta property=\"article:publisher\" content=\"https:\/\/www.facebook.com\/diargospa\/\" \/>\n<meta property=\"article:modified_time\" content=\"2022-06-17T14:29:48+00:00\" \/>\n<meta property=\"og:image\" content=\"https:\/\/diargo.cl\/covid\/wp-content\/uploads\/2021\/05\/cps-hero-sars-cov-2-rapid-antigen-test-nasal-test-kit-scaled.jpeg\" \/>\n\t<meta property=\"og:image:width\" content=\"2048\" \/>\n\t<meta property=\"og:image:height\" content=\"998\" \/>\n\t<meta property=\"og:image:type\" content=\"image\/jpeg\" \/>\n<meta name=\"twitter:card\" content=\"summary_large_image\" \/>\n<meta name=\"twitter:label1\" content=\"Tiempo de lectura\" \/>\n\t<meta name=\"twitter:data1\" content=\"2 minutos\" \/>\n<script type=\"application\/ld+json\" class=\"yoast-schema-graph\">{\"@context\":\"https:\\\/\\\/schema.org\",\"@graph\":[{\"@type\":\"WebPage\",\"@id\":\"https:\\\/\\\/diargo.cl\\\/covid\\\/product\\\/prueba-rapida-de-antigeno-nasal-sars-cov-2-roche-x-25-tests\\\/\",\"url\":\"https:\\\/\\\/diargo.cl\\\/covid\\\/product\\\/prueba-rapida-de-antigeno-nasal-sars-cov-2-roche-x-25-tests\\\/\",\"name\":\"Test R\u00e1pido NASAL Ant\u00edgeno SARS-Cov-2 (COVID-19) ROCHE (Kit x 25 test) IVA INCLUIDO - Diargo Test R\u00e1pidos\",\"isPartOf\":{\"@id\":\"https:\\\/\\\/diargo.cl\\\/covid\\\/#website\"},\"primaryImageOfPage\":{\"@id\":\"https:\\\/\\\/diargo.cl\\\/covid\\\/product\\\/prueba-rapida-de-antigeno-nasal-sars-cov-2-roche-x-25-tests\\\/#primaryimage\"},\"image\":{\"@id\":\"https:\\\/\\\/diargo.cl\\\/covid\\\/product\\\/prueba-rapida-de-antigeno-nasal-sars-cov-2-roche-x-25-tests\\\/#primaryimage\"},\"thumbnailUrl\":\"https:\\\/\\\/diargo.cl\\\/covid\\\/wp-content\\\/uploads\\\/2021\\\/05\\\/cps-hero-sars-cov-2-rapid-antigen-test-nasal-test-kit-scaled.jpeg\",\"datePublished\":\"2021-05-10T15:03:10+00:00\",\"dateModified\":\"2022-06-17T14:29:48+00:00\",\"breadcrumb\":{\"@id\":\"https:\\\/\\\/diargo.cl\\\/covid\\\/product\\\/prueba-rapida-de-antigeno-nasal-sars-cov-2-roche-x-25-tests\\\/#breadcrumb\"},\"inLanguage\":\"es-AR\",\"potentialAction\":[{\"@type\":\"ReadAction\",\"target\":[\"https:\\\/\\\/diargo.cl\\\/covid\\\/product\\\/prueba-rapida-de-antigeno-nasal-sars-cov-2-roche-x-25-tests\\\/\"]}]},{\"@type\":\"ImageObject\",\"inLanguage\":\"es-AR\",\"@id\":\"https:\\\/\\\/diargo.cl\\\/covid\\\/product\\\/prueba-rapida-de-antigeno-nasal-sars-cov-2-roche-x-25-tests\\\/#primaryimage\",\"url\":\"https:\\\/\\\/diargo.cl\\\/covid\\\/wp-content\\\/uploads\\\/2021\\\/05\\\/cps-hero-sars-cov-2-rapid-antigen-test-nasal-test-kit-scaled.jpeg\",\"contentUrl\":\"https:\\\/\\\/diargo.cl\\\/covid\\\/wp-content\\\/uploads\\\/2021\\\/05\\\/cps-hero-sars-cov-2-rapid-antigen-test-nasal-test-kit-scaled.jpeg\",\"width\":2048,\"height\":998},{\"@type\":\"BreadcrumbList\",\"@id\":\"https:\\\/\\\/diargo.cl\\\/covid\\\/product\\\/prueba-rapida-de-antigeno-nasal-sars-cov-2-roche-x-25-tests\\\/#breadcrumb\",\"itemListElement\":[{\"@type\":\"ListItem\",\"position\":1,\"name\":\"Inicio\",\"item\":\"https:\\\/\\\/diargo.cl\\\/covid\\\/\"},{\"@type\":\"ListItem\",\"position\":2,\"name\":\"Tienda\",\"item\":\"https:\\\/\\\/diargo.cl\\\/covid\\\/tienda\\\/\"},{\"@type\":\"ListItem\",\"position\":3,\"name\":\"Test R\u00e1pido NASAL Ant\u00edgeno SARS-Cov-2 (COVID-19) ROCHE (Kit x 25 test) IVA INCLUIDO\"}]},{\"@type\":\"WebSite\",\"@id\":\"https:\\\/\\\/diargo.cl\\\/covid\\\/#website\",\"url\":\"https:\\\/\\\/diargo.cl\\\/covid\\\/\",\"name\":\"Diargo Test R\u00e1pidos\",\"description\":\"Test r\u00e1pidos de ant\u00edgenos\",\"publisher\":{\"@id\":\"https:\\\/\\\/diargo.cl\\\/covid\\\/#organization\"},\"potentialAction\":[{\"@type\":\"SearchAction\",\"target\":{\"@type\":\"EntryPoint\",\"urlTemplate\":\"https:\\\/\\\/diargo.cl\\\/covid\\\/?s={search_term_string}\"},\"query-input\":{\"@type\":\"PropertyValueSpecification\",\"valueRequired\":true,\"valueName\":\"search_term_string\"}}],\"inLanguage\":\"es-AR\"},{\"@type\":\"Organization\",\"@id\":\"https:\\\/\\\/diargo.cl\\\/covid\\\/#organization\",\"name\":\"Diargo\",\"url\":\"https:\\\/\\\/diargo.cl\\\/covid\\\/\",\"logo\":{\"@type\":\"ImageObject\",\"inLanguage\":\"es-AR\",\"@id\":\"https:\\\/\\\/diargo.cl\\\/covid\\\/#\\\/schema\\\/logo\\\/image\\\/\",\"url\":\"https:\\\/\\\/diargo.cl\\\/covid\\\/wp-content\\\/uploads\\\/2021\\\/02\\\/cropped-diargao-marca.png\",\"contentUrl\":\"https:\\\/\\\/diargo.cl\\\/covid\\\/wp-content\\\/uploads\\\/2021\\\/02\\\/cropped-diargao-marca.png\",\"width\":200,\"height\":47,\"caption\":\"Diargo\"},\"image\":{\"@id\":\"https:\\\/\\\/diargo.cl\\\/covid\\\/#\\\/schema\\\/logo\\\/image\\\/\"},\"sameAs\":[\"https:\\\/\\\/www.facebook.com\\\/diargospa\\\/\",\"https:\\\/\\\/www.instagram.com\\\/diargo.spa\\\/?hl=es-la\",\"https:\\\/\\\/www.linkedin.com\\\/company\\\/diargospa\\\/about\\\/\"]}]}<\/script>\n<!-- \/ Yoast SEO plugin. -->","yoast_head_json":{"title":"Test R\u00e1pido NASAL Ant\u00edgeno SARS-Cov-2 (COVID-19) ROCHE (Kit x 25 test) IVA INCLUIDO - Diargo Test R\u00e1pidos","robots":{"index":"index","follow":"follow","max-snippet":"max-snippet:-1","max-image-preview":"max-image-preview:large","max-video-preview":"max-video-preview:-1"},"canonical":"https:\/\/diargo.cl\/covid\/product\/prueba-rapida-de-antigeno-nasal-sars-cov-2-roche-x-25-tests\/","og_locale":"es_ES","og_type":"article","og_title":"Test R\u00e1pido NASAL Ant\u00edgeno SARS-Cov-2 (COVID-19) ROCHE (Kit x 25 test) IVA INCLUIDO - Diargo Test R\u00e1pidos","og_description":"Inmunoensayo cromatogr\u00e1fico r\u00e1pido y confiable para la detecci\u00f3n cualitativa del ant\u00edgeno nucleoc\u00e1psido presente en muestras nasales humanas. Con la prueba r\u00e1pida de ant\u00edgeno nasal del SARS-CoV-2 obtienes resultados en 15 minutos para tomar decisiones r\u00e1pidas en el punto de atenci\u00f3n. Esta prueba desarrollada por Roche presenta 90,6% de sensibilidad y 98,6% de especificidad.  &nbsp;  Precio con IVA INCLUIDO","og_url":"https:\/\/diargo.cl\/covid\/product\/prueba-rapida-de-antigeno-nasal-sars-cov-2-roche-x-25-tests\/","og_site_name":"Diargo Test R\u00e1pidos","article_publisher":"https:\/\/www.facebook.com\/diargospa\/","article_modified_time":"2022-06-17T14:29:48+00:00","og_image":[{"width":2048,"height":998,"url":"https:\/\/diargo.cl\/covid\/wp-content\/uploads\/2021\/05\/cps-hero-sars-cov-2-rapid-antigen-test-nasal-test-kit-scaled.jpeg","type":"image\/jpeg"}],"twitter_card":"summary_large_image","twitter_misc":{"Tiempo de lectura":"2 minutos"},"schema":{"@context":"https:\/\/schema.org","@graph":[{"@type":"WebPage","@id":"https:\/\/diargo.cl\/covid\/product\/prueba-rapida-de-antigeno-nasal-sars-cov-2-roche-x-25-tests\/","url":"https:\/\/diargo.cl\/covid\/product\/prueba-rapida-de-antigeno-nasal-sars-cov-2-roche-x-25-tests\/","name":"Test R\u00e1pido NASAL Ant\u00edgeno SARS-Cov-2 (COVID-19) ROCHE (Kit x 25 test) IVA INCLUIDO - Diargo Test R\u00e1pidos","isPartOf":{"@id":"https:\/\/diargo.cl\/covid\/#website"},"primaryImageOfPage":{"@id":"https:\/\/diargo.cl\/covid\/product\/prueba-rapida-de-antigeno-nasal-sars-cov-2-roche-x-25-tests\/#primaryimage"},"image":{"@id":"https:\/\/diargo.cl\/covid\/product\/prueba-rapida-de-antigeno-nasal-sars-cov-2-roche-x-25-tests\/#primaryimage"},"thumbnailUrl":"https:\/\/diargo.cl\/covid\/wp-content\/uploads\/2021\/05\/cps-hero-sars-cov-2-rapid-antigen-test-nasal-test-kit-scaled.jpeg","datePublished":"2021-05-10T15:03:10+00:00","dateModified":"2022-06-17T14:29:48+00:00","breadcrumb":{"@id":"https:\/\/diargo.cl\/covid\/product\/prueba-rapida-de-antigeno-nasal-sars-cov-2-roche-x-25-tests\/#breadcrumb"},"inLanguage":"es-AR","potentialAction":[{"@type":"ReadAction","target":["https:\/\/diargo.cl\/covid\/product\/prueba-rapida-de-antigeno-nasal-sars-cov-2-roche-x-25-tests\/"]}]},{"@type":"ImageObject","inLanguage":"es-AR","@id":"https:\/\/diargo.cl\/covid\/product\/prueba-rapida-de-antigeno-nasal-sars-cov-2-roche-x-25-tests\/#primaryimage","url":"https:\/\/diargo.cl\/covid\/wp-content\/uploads\/2021\/05\/cps-hero-sars-cov-2-rapid-antigen-test-nasal-test-kit-scaled.jpeg","contentUrl":"https:\/\/diargo.cl\/covid\/wp-content\/uploads\/2021\/05\/cps-hero-sars-cov-2-rapid-antigen-test-nasal-test-kit-scaled.jpeg","width":2048,"height":998},{"@type":"BreadcrumbList","@id":"https:\/\/diargo.cl\/covid\/product\/prueba-rapida-de-antigeno-nasal-sars-cov-2-roche-x-25-tests\/#breadcrumb","itemListElement":[{"@type":"ListItem","position":1,"name":"Inicio","item":"https:\/\/diargo.cl\/covid\/"},{"@type":"ListItem","position":2,"name":"Tienda","item":"https:\/\/diargo.cl\/covid\/tienda\/"},{"@type":"ListItem","position":3,"name":"Test R\u00e1pido NASAL Ant\u00edgeno SARS-Cov-2 (COVID-19) ROCHE (Kit x 25 test) IVA INCLUIDO"}]},{"@type":"WebSite","@id":"https:\/\/diargo.cl\/covid\/#website","url":"https:\/\/diargo.cl\/covid\/","name":"Diargo Test R\u00e1pidos","description":"Test r\u00e1pidos de ant\u00edgenos","publisher":{"@id":"https:\/\/diargo.cl\/covid\/#organization"},"potentialAction":[{"@type":"SearchAction","target":{"@type":"EntryPoint","urlTemplate":"https:\/\/diargo.cl\/covid\/?s={search_term_string}"},"query-input":{"@type":"PropertyValueSpecification","valueRequired":true,"valueName":"search_term_string"}}],"inLanguage":"es-AR"},{"@type":"Organization","@id":"https:\/\/diargo.cl\/covid\/#organization","name":"Diargo","url":"https:\/\/diargo.cl\/covid\/","logo":{"@type":"ImageObject","inLanguage":"es-AR","@id":"https:\/\/diargo.cl\/covid\/#\/schema\/logo\/image\/","url":"https:\/\/diargo.cl\/covid\/wp-content\/uploads\/2021\/02\/cropped-diargao-marca.png","contentUrl":"https:\/\/diargo.cl\/covid\/wp-content\/uploads\/2021\/02\/cropped-diargao-marca.png","width":200,"height":47,"caption":"Diargo"},"image":{"@id":"https:\/\/diargo.cl\/covid\/#\/schema\/logo\/image\/"},"sameAs":["https:\/\/www.facebook.com\/diargospa\/","https:\/\/www.instagram.com\/diargo.spa\/?hl=es-la","https:\/\/www.linkedin.com\/company\/diargospa\/about\/"]}]}},"_links":{"self":[{"href":"https:\/\/diargo.cl\/covid\/wp-json\/wp\/v2\/product\/15034","targetHints":{"allow":["GET"]}}],"collection":[{"href":"https:\/\/diargo.cl\/covid\/wp-json\/wp\/v2\/product"}],"about":[{"href":"https:\/\/diargo.cl\/covid\/wp-json\/wp\/v2\/types\/product"}],"wp:featuredmedia":[{"embeddable":true,"href":"https:\/\/diargo.cl\/covid\/wp-json\/wp\/v2\/media\/15037"}],"wp:attachment":[{"href":"https:\/\/diargo.cl\/covid\/wp-json\/wp\/v2\/media?parent=15034"}],"wp:term":[{"taxonomy":"product_brand","embeddable":true,"href":"https:\/\/diargo.cl\/covid\/wp-json\/wp\/v2\/product_brand?post=15034"},{"taxonomy":"product_cat","embeddable":true,"href":"https:\/\/diargo.cl\/covid\/wp-json\/wp\/v2\/product_cat?post=15034"},{"taxonomy":"product_tag","embeddable":true,"href":"https:\/\/diargo.cl\/covid\/wp-json\/wp\/v2\/product_tag?post=15034"}],"curies":[{"name":"wp","href":"https:\/\/api.w.org\/{rel}","templated":true}]}}