{"id":15371,"date":"2022-02-18T11:20:56","date_gmt":"2022-02-18T14:20:56","guid":{"rendered":"https:\/\/diargo.cl\/covid\/?post_type=product&#038;p=15371"},"modified":"2022-06-15T16:04:24","modified_gmt":"2022-06-15T20:04:24","slug":"test-rapido-antigeno-sars-cov-2-ag-pst-nasal-5-test","status":"publish","type":"product","link":"https:\/\/diargo.cl\/covid\/product\/test-rapido-antigeno-sars-cov-2-ag-pst-nasal-5-test\/","title":{"rendered":"Test r\u00e1pido Ant\u00edgeno SARS-CoV-2 AG PST Nasal (5 Test) IVA INCLUIDO"},"content":{"rendered":"<div>El test r\u00e1pido de autodiagn\u00f3stico para la detecci\u00f3n de Ant\u00edgeno del SARS-CoV-2 en muestra nasal de Roche proporciona resultados fiables para personas con sospecha cl\u00ednica de infecci\u00f3n por COVID-19. El test r\u00e1pido de autodiagn\u00f3stico para la detecci\u00f3n de Ant\u00edgeno del SARS-CoV-2 en muestra nasal puede ser realizado por cualquier persona. <strong>Las pruebas realizadas cu\u00e1ndo y d\u00f3nde sea necesario pueden ser la base para una toma de decisiones m\u00e1s segura y un paso hacia una mayor normalidad para todos.<\/strong><br \/>\n<b><br \/>\n<\/b><\/div>\n<div>\n<p>El test r\u00e1pido de ant\u00edgeno SARS-CoV-2 es un test in vitro basado en inmunocromatograf\u00eda.<\/p>\n<p>Dise\u00f1ado para\u00a0<strong>determinar cualitativamente r\u00e1pida<\/strong>, el\u00a0<strong>ant\u00edgeno\u00a0<\/strong>del virus SARS-CoV-2 en\u00a0<strong>\u00a0frotis nasales anteriores<\/strong> (parte delantera de la nariz) en personas con sospecha de COVID-19 durante los siete primeros d\u00edas tras la aparici\u00f3n de los s\u00edntomas.<\/p>\n<p>No se debe utilizar como \u00fanico elemento para diagnosticar o excluir una infecci\u00f3n por SARS-CoV-2.<\/p>\n<p>Los ni\u00f1os menores de 14 a\u00f1os, deben recibir ayuda de un adulto.<\/p>\n<\/div>\n<div><b>Descripci\u00f3n general del contenido del kit<\/b><\/div>\n<div><\/div>\n<div>Cada caja contiene los siguientes componentes para realizar 5 pruebas de Autodiagn\u00f3stico para paciente:<\/div>\n<ul>\n<li>Dispositivo del test (5)<\/li>\n<li>Soporte para tubos<\/li>\n<li>Torunda est\u00e9ril (5)<\/li>\n<li>Tubo con l\u00edquido(5)<\/li>\n<li>Tapa de la boquilla (5)<\/li>\n<li>Instrucciones de uso<\/li>\n<li>Gu\u00eda de referencia r\u00e1pida<\/li>\n<\/ul>\n<p>&nbsp;<\/p>\n<p>Precio con IVA INCLUIDO<\/p>\n","protected":false},"excerpt":{"rendered":"<p>Test r\u00e1pido de autodiagn\u00f3stico para la detecci\u00f3n de Ant\u00edgeno del SARS-CoV-2 en muestra nasal de Roche por 5 unidades.<br \/>\nPrecio con IVA INCLUIDO<\/p>\n","protected":false},"featured_media":15372,"template":"","meta":{"_joinchat":[]},"product_brand":[],"product_cat":[75],"product_tag":[],"class_list":{"0":"post-15371","1":"product","2":"type-product","3":"status-publish","4":"has-post-thumbnail","6":"product_cat-test-antigenos","8":"first","9":"instock","10":"sale","11":"purchasable","12":"product-type-simple"},"yoast_head":"<!-- This site is optimized with the Yoast SEO plugin v27.5 - https:\/\/yoast.com\/product\/yoast-seo-wordpress\/ -->\n<title>Test r\u00e1pido Ant\u00edgeno SARS-CoV-2 AG PST Nasal (5 Test) IVA INCLUIDO - Diargo Test R\u00e1pidos<\/title>\n<meta name=\"robots\" content=\"index, follow, max-snippet:-1, max-image-preview:large, max-video-preview:-1\" \/>\n<link rel=\"canonical\" href=\"https:\/\/diargo.cl\/covid\/product\/test-rapido-antigeno-sars-cov-2-ag-pst-nasal-5-test\/\" \/>\n<meta property=\"og:locale\" content=\"es_ES\" \/>\n<meta property=\"og:type\" content=\"article\" \/>\n<meta property=\"og:title\" content=\"Test r\u00e1pido Ant\u00edgeno SARS-CoV-2 AG PST Nasal (5 Test) IVA INCLUIDO - Diargo Test R\u00e1pidos\" \/>\n<meta property=\"og:description\" content=\"Test r\u00e1pido de autodiagn\u00f3stico para la detecci\u00f3n de Ant\u00edgeno del SARS-CoV-2 en muestra nasal de Roche por 5 unidades. Precio con IVA INCLUIDO\" \/>\n<meta property=\"og:url\" content=\"https:\/\/diargo.cl\/covid\/product\/test-rapido-antigeno-sars-cov-2-ag-pst-nasal-5-test\/\" \/>\n<meta property=\"og:site_name\" content=\"Diargo Test R\u00e1pidos\" \/>\n<meta property=\"article:publisher\" content=\"https:\/\/www.facebook.com\/diargospa\/\" \/>\n<meta property=\"article:modified_time\" content=\"2022-06-15T20:04:24+00:00\" \/>\n<meta property=\"og:image\" content=\"https:\/\/diargo.cl\/covid\/wp-content\/uploads\/2022\/02\/roche-sars-cov-2-antigeno-5-test.jpeg\" \/>\n\t<meta property=\"og:image:width\" content=\"445\" \/>\n\t<meta property=\"og:image:height\" content=\"595\" \/>\n\t<meta property=\"og:image:type\" content=\"image\/jpeg\" \/>\n<meta name=\"twitter:card\" content=\"summary_large_image\" \/>\n<meta name=\"twitter:label1\" content=\"Tiempo de lectura\" \/>\n\t<meta name=\"twitter:data1\" content=\"1 minuto\" \/>\n<script type=\"application\/ld+json\" class=\"yoast-schema-graph\">{\"@context\":\"https:\\\/\\\/schema.org\",\"@graph\":[{\"@type\":\"WebPage\",\"@id\":\"https:\\\/\\\/diargo.cl\\\/covid\\\/product\\\/test-rapido-antigeno-sars-cov-2-ag-pst-nasal-5-test\\\/\",\"url\":\"https:\\\/\\\/diargo.cl\\\/covid\\\/product\\\/test-rapido-antigeno-sars-cov-2-ag-pst-nasal-5-test\\\/\",\"name\":\"Test r\u00e1pido Ant\u00edgeno SARS-CoV-2 AG PST Nasal (5 Test) IVA INCLUIDO - Diargo Test R\u00e1pidos\",\"isPartOf\":{\"@id\":\"https:\\\/\\\/diargo.cl\\\/covid\\\/#website\"},\"primaryImageOfPage\":{\"@id\":\"https:\\\/\\\/diargo.cl\\\/covid\\\/product\\\/test-rapido-antigeno-sars-cov-2-ag-pst-nasal-5-test\\\/#primaryimage\"},\"image\":{\"@id\":\"https:\\\/\\\/diargo.cl\\\/covid\\\/product\\\/test-rapido-antigeno-sars-cov-2-ag-pst-nasal-5-test\\\/#primaryimage\"},\"thumbnailUrl\":\"https:\\\/\\\/diargo.cl\\\/covid\\\/wp-content\\\/uploads\\\/2022\\\/02\\\/roche-sars-cov-2-antigeno-5-test.jpeg\",\"datePublished\":\"2022-02-18T14:20:56+00:00\",\"dateModified\":\"2022-06-15T20:04:24+00:00\",\"breadcrumb\":{\"@id\":\"https:\\\/\\\/diargo.cl\\\/covid\\\/product\\\/test-rapido-antigeno-sars-cov-2-ag-pst-nasal-5-test\\\/#breadcrumb\"},\"inLanguage\":\"es-AR\",\"potentialAction\":[{\"@type\":\"ReadAction\",\"target\":[\"https:\\\/\\\/diargo.cl\\\/covid\\\/product\\\/test-rapido-antigeno-sars-cov-2-ag-pst-nasal-5-test\\\/\"]}]},{\"@type\":\"ImageObject\",\"inLanguage\":\"es-AR\",\"@id\":\"https:\\\/\\\/diargo.cl\\\/covid\\\/product\\\/test-rapido-antigeno-sars-cov-2-ag-pst-nasal-5-test\\\/#primaryimage\",\"url\":\"https:\\\/\\\/diargo.cl\\\/covid\\\/wp-content\\\/uploads\\\/2022\\\/02\\\/roche-sars-cov-2-antigeno-5-test.jpeg\",\"contentUrl\":\"https:\\\/\\\/diargo.cl\\\/covid\\\/wp-content\\\/uploads\\\/2022\\\/02\\\/roche-sars-cov-2-antigeno-5-test.jpeg\",\"width\":445,\"height\":595,\"caption\":\"Prueba r\u00e1pida de ant\u00edgeno COVID-19\"},{\"@type\":\"BreadcrumbList\",\"@id\":\"https:\\\/\\\/diargo.cl\\\/covid\\\/product\\\/test-rapido-antigeno-sars-cov-2-ag-pst-nasal-5-test\\\/#breadcrumb\",\"itemListElement\":[{\"@type\":\"ListItem\",\"position\":1,\"name\":\"Inicio\",\"item\":\"https:\\\/\\\/diargo.cl\\\/covid\\\/\"},{\"@type\":\"ListItem\",\"position\":2,\"name\":\"Tienda\",\"item\":\"https:\\\/\\\/diargo.cl\\\/covid\\\/tienda\\\/\"},{\"@type\":\"ListItem\",\"position\":3,\"name\":\"Test r\u00e1pido Ant\u00edgeno SARS-CoV-2 AG PST Nasal (5 Test) IVA INCLUIDO\"}]},{\"@type\":\"WebSite\",\"@id\":\"https:\\\/\\\/diargo.cl\\\/covid\\\/#website\",\"url\":\"https:\\\/\\\/diargo.cl\\\/covid\\\/\",\"name\":\"Diargo Test R\u00e1pidos\",\"description\":\"Test r\u00e1pidos de ant\u00edgenos\",\"publisher\":{\"@id\":\"https:\\\/\\\/diargo.cl\\\/covid\\\/#organization\"},\"potentialAction\":[{\"@type\":\"SearchAction\",\"target\":{\"@type\":\"EntryPoint\",\"urlTemplate\":\"https:\\\/\\\/diargo.cl\\\/covid\\\/?s={search_term_string}\"},\"query-input\":{\"@type\":\"PropertyValueSpecification\",\"valueRequired\":true,\"valueName\":\"search_term_string\"}}],\"inLanguage\":\"es-AR\"},{\"@type\":\"Organization\",\"@id\":\"https:\\\/\\\/diargo.cl\\\/covid\\\/#organization\",\"name\":\"Diargo\",\"url\":\"https:\\\/\\\/diargo.cl\\\/covid\\\/\",\"logo\":{\"@type\":\"ImageObject\",\"inLanguage\":\"es-AR\",\"@id\":\"https:\\\/\\\/diargo.cl\\\/covid\\\/#\\\/schema\\\/logo\\\/image\\\/\",\"url\":\"https:\\\/\\\/diargo.cl\\\/covid\\\/wp-content\\\/uploads\\\/2021\\\/02\\\/cropped-diargao-marca.png\",\"contentUrl\":\"https:\\\/\\\/diargo.cl\\\/covid\\\/wp-content\\\/uploads\\\/2021\\\/02\\\/cropped-diargao-marca.png\",\"width\":200,\"height\":47,\"caption\":\"Diargo\"},\"image\":{\"@id\":\"https:\\\/\\\/diargo.cl\\\/covid\\\/#\\\/schema\\\/logo\\\/image\\\/\"},\"sameAs\":[\"https:\\\/\\\/www.facebook.com\\\/diargospa\\\/\",\"https:\\\/\\\/www.instagram.com\\\/diargo.spa\\\/?hl=es-la\",\"https:\\\/\\\/www.linkedin.com\\\/company\\\/diargospa\\\/about\\\/\"]}]}<\/script>\n<!-- \/ Yoast SEO plugin. -->","yoast_head_json":{"title":"Test r\u00e1pido Ant\u00edgeno SARS-CoV-2 AG PST Nasal (5 Test) IVA INCLUIDO - Diargo Test R\u00e1pidos","robots":{"index":"index","follow":"follow","max-snippet":"max-snippet:-1","max-image-preview":"max-image-preview:large","max-video-preview":"max-video-preview:-1"},"canonical":"https:\/\/diargo.cl\/covid\/product\/test-rapido-antigeno-sars-cov-2-ag-pst-nasal-5-test\/","og_locale":"es_ES","og_type":"article","og_title":"Test r\u00e1pido Ant\u00edgeno SARS-CoV-2 AG PST Nasal (5 Test) IVA INCLUIDO - Diargo Test R\u00e1pidos","og_description":"Test r\u00e1pido de autodiagn\u00f3stico para la detecci\u00f3n de Ant\u00edgeno del SARS-CoV-2 en muestra nasal de Roche por 5 unidades. Precio con IVA INCLUIDO","og_url":"https:\/\/diargo.cl\/covid\/product\/test-rapido-antigeno-sars-cov-2-ag-pst-nasal-5-test\/","og_site_name":"Diargo Test R\u00e1pidos","article_publisher":"https:\/\/www.facebook.com\/diargospa\/","article_modified_time":"2022-06-15T20:04:24+00:00","og_image":[{"width":445,"height":595,"url":"https:\/\/diargo.cl\/covid\/wp-content\/uploads\/2022\/02\/roche-sars-cov-2-antigeno-5-test.jpeg","type":"image\/jpeg"}],"twitter_card":"summary_large_image","twitter_misc":{"Tiempo de lectura":"1 minuto"},"schema":{"@context":"https:\/\/schema.org","@graph":[{"@type":"WebPage","@id":"https:\/\/diargo.cl\/covid\/product\/test-rapido-antigeno-sars-cov-2-ag-pst-nasal-5-test\/","url":"https:\/\/diargo.cl\/covid\/product\/test-rapido-antigeno-sars-cov-2-ag-pst-nasal-5-test\/","name":"Test r\u00e1pido Ant\u00edgeno SARS-CoV-2 AG PST Nasal (5 Test) IVA INCLUIDO - Diargo Test R\u00e1pidos","isPartOf":{"@id":"https:\/\/diargo.cl\/covid\/#website"},"primaryImageOfPage":{"@id":"https:\/\/diargo.cl\/covid\/product\/test-rapido-antigeno-sars-cov-2-ag-pst-nasal-5-test\/#primaryimage"},"image":{"@id":"https:\/\/diargo.cl\/covid\/product\/test-rapido-antigeno-sars-cov-2-ag-pst-nasal-5-test\/#primaryimage"},"thumbnailUrl":"https:\/\/diargo.cl\/covid\/wp-content\/uploads\/2022\/02\/roche-sars-cov-2-antigeno-5-test.jpeg","datePublished":"2022-02-18T14:20:56+00:00","dateModified":"2022-06-15T20:04:24+00:00","breadcrumb":{"@id":"https:\/\/diargo.cl\/covid\/product\/test-rapido-antigeno-sars-cov-2-ag-pst-nasal-5-test\/#breadcrumb"},"inLanguage":"es-AR","potentialAction":[{"@type":"ReadAction","target":["https:\/\/diargo.cl\/covid\/product\/test-rapido-antigeno-sars-cov-2-ag-pst-nasal-5-test\/"]}]},{"@type":"ImageObject","inLanguage":"es-AR","@id":"https:\/\/diargo.cl\/covid\/product\/test-rapido-antigeno-sars-cov-2-ag-pst-nasal-5-test\/#primaryimage","url":"https:\/\/diargo.cl\/covid\/wp-content\/uploads\/2022\/02\/roche-sars-cov-2-antigeno-5-test.jpeg","contentUrl":"https:\/\/diargo.cl\/covid\/wp-content\/uploads\/2022\/02\/roche-sars-cov-2-antigeno-5-test.jpeg","width":445,"height":595,"caption":"Prueba r\u00e1pida de ant\u00edgeno COVID-19"},{"@type":"BreadcrumbList","@id":"https:\/\/diargo.cl\/covid\/product\/test-rapido-antigeno-sars-cov-2-ag-pst-nasal-5-test\/#breadcrumb","itemListElement":[{"@type":"ListItem","position":1,"name":"Inicio","item":"https:\/\/diargo.cl\/covid\/"},{"@type":"ListItem","position":2,"name":"Tienda","item":"https:\/\/diargo.cl\/covid\/tienda\/"},{"@type":"ListItem","position":3,"name":"Test r\u00e1pido Ant\u00edgeno SARS-CoV-2 AG PST Nasal (5 Test) IVA INCLUIDO"}]},{"@type":"WebSite","@id":"https:\/\/diargo.cl\/covid\/#website","url":"https:\/\/diargo.cl\/covid\/","name":"Diargo Test R\u00e1pidos","description":"Test r\u00e1pidos de ant\u00edgenos","publisher":{"@id":"https:\/\/diargo.cl\/covid\/#organization"},"potentialAction":[{"@type":"SearchAction","target":{"@type":"EntryPoint","urlTemplate":"https:\/\/diargo.cl\/covid\/?s={search_term_string}"},"query-input":{"@type":"PropertyValueSpecification","valueRequired":true,"valueName":"search_term_string"}}],"inLanguage":"es-AR"},{"@type":"Organization","@id":"https:\/\/diargo.cl\/covid\/#organization","name":"Diargo","url":"https:\/\/diargo.cl\/covid\/","logo":{"@type":"ImageObject","inLanguage":"es-AR","@id":"https:\/\/diargo.cl\/covid\/#\/schema\/logo\/image\/","url":"https:\/\/diargo.cl\/covid\/wp-content\/uploads\/2021\/02\/cropped-diargao-marca.png","contentUrl":"https:\/\/diargo.cl\/covid\/wp-content\/uploads\/2021\/02\/cropped-diargao-marca.png","width":200,"height":47,"caption":"Diargo"},"image":{"@id":"https:\/\/diargo.cl\/covid\/#\/schema\/logo\/image\/"},"sameAs":["https:\/\/www.facebook.com\/diargospa\/","https:\/\/www.instagram.com\/diargo.spa\/?hl=es-la","https:\/\/www.linkedin.com\/company\/diargospa\/about\/"]}]}},"_links":{"self":[{"href":"https:\/\/diargo.cl\/covid\/wp-json\/wp\/v2\/product\/15371","targetHints":{"allow":["GET"]}}],"collection":[{"href":"https:\/\/diargo.cl\/covid\/wp-json\/wp\/v2\/product"}],"about":[{"href":"https:\/\/diargo.cl\/covid\/wp-json\/wp\/v2\/types\/product"}],"wp:featuredmedia":[{"embeddable":true,"href":"https:\/\/diargo.cl\/covid\/wp-json\/wp\/v2\/media\/15372"}],"wp:attachment":[{"href":"https:\/\/diargo.cl\/covid\/wp-json\/wp\/v2\/media?parent=15371"}],"wp:term":[{"taxonomy":"product_brand","embeddable":true,"href":"https:\/\/diargo.cl\/covid\/wp-json\/wp\/v2\/product_brand?post=15371"},{"taxonomy":"product_cat","embeddable":true,"href":"https:\/\/diargo.cl\/covid\/wp-json\/wp\/v2\/product_cat?post=15371"},{"taxonomy":"product_tag","embeddable":true,"href":"https:\/\/diargo.cl\/covid\/wp-json\/wp\/v2\/product_tag?post=15371"}],"curies":[{"name":"wp","href":"https:\/\/api.w.org\/{rel}","templated":true}]}}