{"id":2238,"date":"2021-03-03T16:18:14","date_gmt":"2021-03-03T19:18:14","guid":{"rendered":"http:\/\/diargo.cl\/covid\/?post_type=product&#038;p=2238"},"modified":"2022-05-31T14:45:03","modified_gmt":"2022-05-31T18:45:03","slug":"test-de-covid-19-anticuerpos-roche-sd-biosensor","status":"publish","type":"product","link":"https:\/\/diargo.cl\/covid\/product\/test-de-covid-19-anticuerpos-roche-sd-biosensor\/","title":{"rendered":"Test Anticuerpos IgM\/IgG SARS-Cov-2 (COVID-19) ROCHE (Kit x 40 test)IVA INCLUIDO"},"content":{"rendered":"<p>Inmunoensayo cromatogr\u00e1fico r\u00e1pido y confiable para detectar cualitativamente <strong>anticuerpos contra el coronavirus 2 del S\u00edndrome Respiratorio Agudo Severo (SARS-CoV-2)<\/strong><\/p>\n","protected":false},"excerpt":{"rendered":"<p>La prueba r\u00e1pida de anticuerpos contra el SARS-CoV-2 es un inmunoensayo cromatogr\u00e1fico r\u00e1pido y fiable destinado a la detecci\u00f3n cualitativa de anticuerpos (IgM e IgG) contra el SARS-CoV-2 en suero, plasma o sangre total humanos.<\/p>\n<p>La prueba r\u00e1pida de anticuerpos contra el SARS-CoV-2 est\u00e1 destinada a ser utilizada como ayuda para identificar a las personas con una respuesta inmunitaria adaptativa al SARS-CoV-2, lo que indica una infecci\u00f3n previa. Esta prueba r\u00e1pida de flujo lateral est\u00e1 dise\u00f1ada para uso profesional en el laboratorio y cerca de entornos de prueba de pacientes y detecta cualitativamente IgM e IgG espec\u00edficas de SARS-CoV-2 en suero, plasma y sangre total.<\/p>\n","protected":false},"featured_media":2239,"template":"","meta":{"_joinchat":[]},"product_brand":[],"product_cat":[76],"product_tag":[],"class_list":{"0":"post-2238","1":"product","2":"type-product","3":"status-publish","4":"has-post-thumbnail","6":"product_cat-test-anticuerpos","8":"first","9":"instock","10":"purchasable","11":"product-type-simple"},"yoast_head":"<!-- This site is optimized with the Yoast SEO plugin v27.5 - https:\/\/yoast.com\/product\/yoast-seo-wordpress\/ -->\n<title>Test Anticuerpos IgM\/IgG SARS-Cov-2 (COVID-19) ROCHE (Kit x 40 test)IVA INCLUIDO - Diargo Test R\u00e1pidos<\/title>\n<meta name=\"robots\" content=\"index, follow, max-snippet:-1, max-image-preview:large, max-video-preview:-1\" \/>\n<link rel=\"canonical\" href=\"https:\/\/diargo.cl\/covid\/product\/test-de-covid-19-anticuerpos-roche-sd-biosensor\/\" \/>\n<meta property=\"og:locale\" content=\"es_ES\" \/>\n<meta property=\"og:type\" content=\"article\" \/>\n<meta property=\"og:title\" content=\"Test Anticuerpos IgM\/IgG SARS-Cov-2 (COVID-19) ROCHE (Kit x 40 test)IVA INCLUIDO - Diargo Test R\u00e1pidos\" \/>\n<meta property=\"og:description\" content=\"La prueba r\u00e1pida de anticuerpos contra el SARS-CoV-2 es un inmunoensayo cromatogr\u00e1fico r\u00e1pido y fiable destinado a la detecci\u00f3n cualitativa de anticuerpos (IgM e IgG) contra el SARS-CoV-2 en suero, plasma o sangre total humanos.  La prueba r\u00e1pida de anticuerpos contra el SARS-CoV-2 est\u00e1 destinada a ser utilizada como ayuda para identificar a las personas con una respuesta inmunitaria adaptativa al SARS-CoV-2, lo que indica una infecci\u00f3n previa. Esta prueba r\u00e1pida de flujo lateral est\u00e1 dise\u00f1ada para uso profesional en el laboratorio y cerca de entornos de prueba de pacientes y detecta cualitativamente IgM e IgG espec\u00edficas de SARS-CoV-2 en suero, plasma y sangre total.\" \/>\n<meta property=\"og:url\" content=\"https:\/\/diargo.cl\/covid\/product\/test-de-covid-19-anticuerpos-roche-sd-biosensor\/\" \/>\n<meta property=\"og:site_name\" content=\"Diargo Test R\u00e1pidos\" \/>\n<meta property=\"article:publisher\" content=\"https:\/\/www.facebook.com\/diargospa\/\" \/>\n<meta property=\"article:modified_time\" content=\"2022-05-31T18:45:03+00:00\" \/>\n<meta property=\"og:image\" content=\"https:\/\/diargo.cl\/covid\/wp-content\/uploads\/2021\/03\/cps-mediainfo-sars-cov-2-rapid-antibody-test.png\" \/>\n\t<meta property=\"og:image:width\" content=\"622\" \/>\n\t<meta property=\"og:image:height\" content=\"457\" \/>\n\t<meta property=\"og:image:type\" content=\"image\/png\" \/>\n<meta name=\"twitter:card\" content=\"summary_large_image\" \/>\n<script type=\"application\/ld+json\" class=\"yoast-schema-graph\">{\"@context\":\"https:\\\/\\\/schema.org\",\"@graph\":[{\"@type\":\"WebPage\",\"@id\":\"https:\\\/\\\/diargo.cl\\\/covid\\\/product\\\/test-de-covid-19-anticuerpos-roche-sd-biosensor\\\/\",\"url\":\"https:\\\/\\\/diargo.cl\\\/covid\\\/product\\\/test-de-covid-19-anticuerpos-roche-sd-biosensor\\\/\",\"name\":\"Test Anticuerpos IgM\\\/IgG SARS-Cov-2 (COVID-19) ROCHE (Kit x 40 test)IVA INCLUIDO - Diargo Test R\u00e1pidos\",\"isPartOf\":{\"@id\":\"https:\\\/\\\/diargo.cl\\\/covid\\\/#website\"},\"primaryImageOfPage\":{\"@id\":\"https:\\\/\\\/diargo.cl\\\/covid\\\/product\\\/test-de-covid-19-anticuerpos-roche-sd-biosensor\\\/#primaryimage\"},\"image\":{\"@id\":\"https:\\\/\\\/diargo.cl\\\/covid\\\/product\\\/test-de-covid-19-anticuerpos-roche-sd-biosensor\\\/#primaryimage\"},\"thumbnailUrl\":\"https:\\\/\\\/diargo.cl\\\/covid\\\/wp-content\\\/uploads\\\/2021\\\/03\\\/cps-mediainfo-sars-cov-2-rapid-antibody-test.png\",\"datePublished\":\"2021-03-03T19:18:14+00:00\",\"dateModified\":\"2022-05-31T18:45:03+00:00\",\"breadcrumb\":{\"@id\":\"https:\\\/\\\/diargo.cl\\\/covid\\\/product\\\/test-de-covid-19-anticuerpos-roche-sd-biosensor\\\/#breadcrumb\"},\"inLanguage\":\"es-AR\",\"potentialAction\":[{\"@type\":\"ReadAction\",\"target\":[\"https:\\\/\\\/diargo.cl\\\/covid\\\/product\\\/test-de-covid-19-anticuerpos-roche-sd-biosensor\\\/\"]}]},{\"@type\":\"ImageObject\",\"inLanguage\":\"es-AR\",\"@id\":\"https:\\\/\\\/diargo.cl\\\/covid\\\/product\\\/test-de-covid-19-anticuerpos-roche-sd-biosensor\\\/#primaryimage\",\"url\":\"https:\\\/\\\/diargo.cl\\\/covid\\\/wp-content\\\/uploads\\\/2021\\\/03\\\/cps-mediainfo-sars-cov-2-rapid-antibody-test.png\",\"contentUrl\":\"https:\\\/\\\/diargo.cl\\\/covid\\\/wp-content\\\/uploads\\\/2021\\\/03\\\/cps-mediainfo-sars-cov-2-rapid-antibody-test.png\",\"width\":622,\"height\":457},{\"@type\":\"BreadcrumbList\",\"@id\":\"https:\\\/\\\/diargo.cl\\\/covid\\\/product\\\/test-de-covid-19-anticuerpos-roche-sd-biosensor\\\/#breadcrumb\",\"itemListElement\":[{\"@type\":\"ListItem\",\"position\":1,\"name\":\"Inicio\",\"item\":\"https:\\\/\\\/diargo.cl\\\/covid\\\/\"},{\"@type\":\"ListItem\",\"position\":2,\"name\":\"Tienda\",\"item\":\"https:\\\/\\\/diargo.cl\\\/covid\\\/tienda\\\/\"},{\"@type\":\"ListItem\",\"position\":3,\"name\":\"Test Anticuerpos IgM\\\/IgG SARS-Cov-2 (COVID-19) ROCHE (Kit x 40 test)IVA INCLUIDO\"}]},{\"@type\":\"WebSite\",\"@id\":\"https:\\\/\\\/diargo.cl\\\/covid\\\/#website\",\"url\":\"https:\\\/\\\/diargo.cl\\\/covid\\\/\",\"name\":\"Diargo Test R\u00e1pidos\",\"description\":\"Test r\u00e1pidos de ant\u00edgenos\",\"publisher\":{\"@id\":\"https:\\\/\\\/diargo.cl\\\/covid\\\/#organization\"},\"potentialAction\":[{\"@type\":\"SearchAction\",\"target\":{\"@type\":\"EntryPoint\",\"urlTemplate\":\"https:\\\/\\\/diargo.cl\\\/covid\\\/?s={search_term_string}\"},\"query-input\":{\"@type\":\"PropertyValueSpecification\",\"valueRequired\":true,\"valueName\":\"search_term_string\"}}],\"inLanguage\":\"es-AR\"},{\"@type\":\"Organization\",\"@id\":\"https:\\\/\\\/diargo.cl\\\/covid\\\/#organization\",\"name\":\"Diargo\",\"url\":\"https:\\\/\\\/diargo.cl\\\/covid\\\/\",\"logo\":{\"@type\":\"ImageObject\",\"inLanguage\":\"es-AR\",\"@id\":\"https:\\\/\\\/diargo.cl\\\/covid\\\/#\\\/schema\\\/logo\\\/image\\\/\",\"url\":\"https:\\\/\\\/diargo.cl\\\/covid\\\/wp-content\\\/uploads\\\/2021\\\/02\\\/cropped-diargao-marca.png\",\"contentUrl\":\"https:\\\/\\\/diargo.cl\\\/covid\\\/wp-content\\\/uploads\\\/2021\\\/02\\\/cropped-diargao-marca.png\",\"width\":200,\"height\":47,\"caption\":\"Diargo\"},\"image\":{\"@id\":\"https:\\\/\\\/diargo.cl\\\/covid\\\/#\\\/schema\\\/logo\\\/image\\\/\"},\"sameAs\":[\"https:\\\/\\\/www.facebook.com\\\/diargospa\\\/\",\"https:\\\/\\\/www.instagram.com\\\/diargo.spa\\\/?hl=es-la\",\"https:\\\/\\\/www.linkedin.com\\\/company\\\/diargospa\\\/about\\\/\"]}]}<\/script>\n<!-- \/ Yoast SEO plugin. -->","yoast_head_json":{"title":"Test Anticuerpos IgM\/IgG SARS-Cov-2 (COVID-19) ROCHE (Kit x 40 test)IVA INCLUIDO - Diargo Test R\u00e1pidos","robots":{"index":"index","follow":"follow","max-snippet":"max-snippet:-1","max-image-preview":"max-image-preview:large","max-video-preview":"max-video-preview:-1"},"canonical":"https:\/\/diargo.cl\/covid\/product\/test-de-covid-19-anticuerpos-roche-sd-biosensor\/","og_locale":"es_ES","og_type":"article","og_title":"Test Anticuerpos IgM\/IgG SARS-Cov-2 (COVID-19) ROCHE (Kit x 40 test)IVA INCLUIDO - Diargo Test R\u00e1pidos","og_description":"La prueba r\u00e1pida de anticuerpos contra el SARS-CoV-2 es un inmunoensayo cromatogr\u00e1fico r\u00e1pido y fiable destinado a la detecci\u00f3n cualitativa de anticuerpos (IgM e IgG) contra el SARS-CoV-2 en suero, plasma o sangre total humanos.  La prueba r\u00e1pida de anticuerpos contra el SARS-CoV-2 est\u00e1 destinada a ser utilizada como ayuda para identificar a las personas con una respuesta inmunitaria adaptativa al SARS-CoV-2, lo que indica una infecci\u00f3n previa. Esta prueba r\u00e1pida de flujo lateral est\u00e1 dise\u00f1ada para uso profesional en el laboratorio y cerca de entornos de prueba de pacientes y detecta cualitativamente IgM e IgG espec\u00edficas de SARS-CoV-2 en suero, plasma y sangre total.","og_url":"https:\/\/diargo.cl\/covid\/product\/test-de-covid-19-anticuerpos-roche-sd-biosensor\/","og_site_name":"Diargo Test R\u00e1pidos","article_publisher":"https:\/\/www.facebook.com\/diargospa\/","article_modified_time":"2022-05-31T18:45:03+00:00","og_image":[{"width":622,"height":457,"url":"https:\/\/diargo.cl\/covid\/wp-content\/uploads\/2021\/03\/cps-mediainfo-sars-cov-2-rapid-antibody-test.png","type":"image\/png"}],"twitter_card":"summary_large_image","schema":{"@context":"https:\/\/schema.org","@graph":[{"@type":"WebPage","@id":"https:\/\/diargo.cl\/covid\/product\/test-de-covid-19-anticuerpos-roche-sd-biosensor\/","url":"https:\/\/diargo.cl\/covid\/product\/test-de-covid-19-anticuerpos-roche-sd-biosensor\/","name":"Test Anticuerpos IgM\/IgG SARS-Cov-2 (COVID-19) ROCHE (Kit x 40 test)IVA INCLUIDO - Diargo Test R\u00e1pidos","isPartOf":{"@id":"https:\/\/diargo.cl\/covid\/#website"},"primaryImageOfPage":{"@id":"https:\/\/diargo.cl\/covid\/product\/test-de-covid-19-anticuerpos-roche-sd-biosensor\/#primaryimage"},"image":{"@id":"https:\/\/diargo.cl\/covid\/product\/test-de-covid-19-anticuerpos-roche-sd-biosensor\/#primaryimage"},"thumbnailUrl":"https:\/\/diargo.cl\/covid\/wp-content\/uploads\/2021\/03\/cps-mediainfo-sars-cov-2-rapid-antibody-test.png","datePublished":"2021-03-03T19:18:14+00:00","dateModified":"2022-05-31T18:45:03+00:00","breadcrumb":{"@id":"https:\/\/diargo.cl\/covid\/product\/test-de-covid-19-anticuerpos-roche-sd-biosensor\/#breadcrumb"},"inLanguage":"es-AR","potentialAction":[{"@type":"ReadAction","target":["https:\/\/diargo.cl\/covid\/product\/test-de-covid-19-anticuerpos-roche-sd-biosensor\/"]}]},{"@type":"ImageObject","inLanguage":"es-AR","@id":"https:\/\/diargo.cl\/covid\/product\/test-de-covid-19-anticuerpos-roche-sd-biosensor\/#primaryimage","url":"https:\/\/diargo.cl\/covid\/wp-content\/uploads\/2021\/03\/cps-mediainfo-sars-cov-2-rapid-antibody-test.png","contentUrl":"https:\/\/diargo.cl\/covid\/wp-content\/uploads\/2021\/03\/cps-mediainfo-sars-cov-2-rapid-antibody-test.png","width":622,"height":457},{"@type":"BreadcrumbList","@id":"https:\/\/diargo.cl\/covid\/product\/test-de-covid-19-anticuerpos-roche-sd-biosensor\/#breadcrumb","itemListElement":[{"@type":"ListItem","position":1,"name":"Inicio","item":"https:\/\/diargo.cl\/covid\/"},{"@type":"ListItem","position":2,"name":"Tienda","item":"https:\/\/diargo.cl\/covid\/tienda\/"},{"@type":"ListItem","position":3,"name":"Test Anticuerpos IgM\/IgG SARS-Cov-2 (COVID-19) ROCHE (Kit x 40 test)IVA INCLUIDO"}]},{"@type":"WebSite","@id":"https:\/\/diargo.cl\/covid\/#website","url":"https:\/\/diargo.cl\/covid\/","name":"Diargo Test R\u00e1pidos","description":"Test r\u00e1pidos de ant\u00edgenos","publisher":{"@id":"https:\/\/diargo.cl\/covid\/#organization"},"potentialAction":[{"@type":"SearchAction","target":{"@type":"EntryPoint","urlTemplate":"https:\/\/diargo.cl\/covid\/?s={search_term_string}"},"query-input":{"@type":"PropertyValueSpecification","valueRequired":true,"valueName":"search_term_string"}}],"inLanguage":"es-AR"},{"@type":"Organization","@id":"https:\/\/diargo.cl\/covid\/#organization","name":"Diargo","url":"https:\/\/diargo.cl\/covid\/","logo":{"@type":"ImageObject","inLanguage":"es-AR","@id":"https:\/\/diargo.cl\/covid\/#\/schema\/logo\/image\/","url":"https:\/\/diargo.cl\/covid\/wp-content\/uploads\/2021\/02\/cropped-diargao-marca.png","contentUrl":"https:\/\/diargo.cl\/covid\/wp-content\/uploads\/2021\/02\/cropped-diargao-marca.png","width":200,"height":47,"caption":"Diargo"},"image":{"@id":"https:\/\/diargo.cl\/covid\/#\/schema\/logo\/image\/"},"sameAs":["https:\/\/www.facebook.com\/diargospa\/","https:\/\/www.instagram.com\/diargo.spa\/?hl=es-la","https:\/\/www.linkedin.com\/company\/diargospa\/about\/"]}]}},"_links":{"self":[{"href":"https:\/\/diargo.cl\/covid\/wp-json\/wp\/v2\/product\/2238","targetHints":{"allow":["GET"]}}],"collection":[{"href":"https:\/\/diargo.cl\/covid\/wp-json\/wp\/v2\/product"}],"about":[{"href":"https:\/\/diargo.cl\/covid\/wp-json\/wp\/v2\/types\/product"}],"wp:featuredmedia":[{"embeddable":true,"href":"https:\/\/diargo.cl\/covid\/wp-json\/wp\/v2\/media\/2239"}],"wp:attachment":[{"href":"https:\/\/diargo.cl\/covid\/wp-json\/wp\/v2\/media?parent=2238"}],"wp:term":[{"taxonomy":"product_brand","embeddable":true,"href":"https:\/\/diargo.cl\/covid\/wp-json\/wp\/v2\/product_brand?post=2238"},{"taxonomy":"product_cat","embeddable":true,"href":"https:\/\/diargo.cl\/covid\/wp-json\/wp\/v2\/product_cat?post=2238"},{"taxonomy":"product_tag","embeddable":true,"href":"https:\/\/diargo.cl\/covid\/wp-json\/wp\/v2\/product_tag?post=2238"}],"curies":[{"name":"wp","href":"https:\/\/api.w.org\/{rel}","templated":true}]}}