{"id":261,"date":"2017-01-16T07:11:16","date_gmt":"2017-01-16T10:11:16","guid":{"rendered":"http:\/\/apusthemes.com\/wp-demo\/campress\/?post_type=product&#038;p=261"},"modified":"2022-05-31T14:44:52","modified_gmt":"2022-05-31T18:44:52","slug":"antigeno-sd-biosensor-roche","status":"publish","type":"product","link":"https:\/\/diargo.cl\/covid\/product\/antigeno-sd-biosensor-roche\/","title":{"rendered":"Test R\u00e1pido Ant\u00edgeno SARS-CoV-2 (COVID-19) ROCHE (Kit x 25 test)IVA INCLUIDO"},"content":{"rendered":"<p>Una ayuda fundamental para identificar a las personas infectadas por el SARS-CoV-215<\/p>\n<p>&nbsp;<\/p>\n<p>La prueba r\u00e1pida de ant\u00edgeno SARS-CoV-2 es un inmunoensayo cromatogr\u00e1fico r\u00e1pido y confiable para la detecci\u00f3n cualitativa de ant\u00edgenos espec\u00edficos de SARS-CoV-2 presentes en la nasofaringe humana.<\/p>\n<p>Esta prueba es una ayuda para detectar el ant\u00edgeno del virus SARS-CoV-2 en personas sospechosas de COVID-19. Este producto est\u00e1 estrictamente dise\u00f1ado para uso profesional en laboratorios y entornos de puntos de atenci\u00f3n.<\/p>\n<p><strong>La caja permite realizar veinticinco (25) tests individuales.<\/strong><\/p>\n<p>Precio con IVA INCLUIDO<\/p>\n","protected":false},"excerpt":{"rendered":"<p>El test r\u00e1pido de anticuerpos contra el SARS-CoV-2 est\u00e1 dise\u00f1ado para\u00a0<b>usarse como ayuda en la identificaci\u00f3n de individuos con una respuesta inmune adaptativa al SARS-CoV-2, lo que indica una infecci\u00f3n previa.<\/b>\u00a0Esta prueba r\u00e1pida de flujo lateral est\u00e1 destinada para el uso profesional en el laboratorio y en entornos Point of Care (POC).<\/p>\n<p>Precio con IVA INCLUIDO<\/p>\n","protected":false},"featured_media":2226,"template":"","meta":{"_joinchat":[]},"product_brand":[],"product_cat":[75],"product_tag":[],"class_list":{"0":"post-261","1":"product","2":"type-product","3":"status-publish","4":"has-post-thumbnail","6":"product_cat-test-antigenos","8":"first","9":"instock","10":"purchasable","11":"product-type-simple"},"yoast_head":"<!-- This site is optimized with the Yoast SEO plugin v27.5 - https:\/\/yoast.com\/product\/yoast-seo-wordpress\/ -->\n<title>Test R\u00e1pido Ant\u00edgeno SARS-CoV-2 (COVID-19) ROCHE (Kit x 25 test)IVA INCLUIDO - Diargo Test R\u00e1pidos<\/title>\n<meta name=\"robots\" content=\"index, follow, max-snippet:-1, max-image-preview:large, max-video-preview:-1\" \/>\n<link rel=\"canonical\" href=\"https:\/\/diargo.cl\/covid\/product\/antigeno-sd-biosensor-roche\/\" \/>\n<meta property=\"og:locale\" content=\"es_ES\" \/>\n<meta property=\"og:type\" content=\"article\" \/>\n<meta property=\"og:title\" content=\"Test R\u00e1pido Ant\u00edgeno SARS-CoV-2 (COVID-19) ROCHE (Kit x 25 test)IVA INCLUIDO - Diargo Test R\u00e1pidos\" \/>\n<meta property=\"og:description\" content=\"El test r\u00e1pido de anticuerpos contra el SARS-CoV-2 est\u00e1 dise\u00f1ado para\u00a0usarse como ayuda en la identificaci\u00f3n de individuos con una respuesta inmune adaptativa al SARS-CoV-2, lo que indica una infecci\u00f3n previa.\u00a0Esta prueba r\u00e1pida de flujo lateral est\u00e1 destinada para el uso profesional en el laboratorio y en entornos Point of Care (POC).  Precio con IVA INCLUIDO\" \/>\n<meta property=\"og:url\" content=\"https:\/\/diargo.cl\/covid\/product\/antigeno-sd-biosensor-roche\/\" \/>\n<meta property=\"og:site_name\" content=\"Diargo Test R\u00e1pidos\" \/>\n<meta property=\"article:publisher\" content=\"https:\/\/www.facebook.com\/diargospa\/\" \/>\n<meta property=\"article:modified_time\" content=\"2022-05-31T18:44:52+00:00\" \/>\n<meta property=\"og:image\" content=\"https:\/\/diargo.cl\/covid\/wp-content\/uploads\/2021\/02\/diargo-cps-sars-cov-2-kit-test-rapido-antigeno-square.jpg\" \/>\n\t<meta property=\"og:image:width\" content=\"1200\" \/>\n\t<meta property=\"og:image:height\" content=\"1200\" \/>\n\t<meta property=\"og:image:type\" content=\"image\/jpeg\" \/>\n<meta name=\"twitter:card\" content=\"summary_large_image\" \/>\n<script type=\"application\/ld+json\" class=\"yoast-schema-graph\">{\"@context\":\"https:\\\/\\\/schema.org\",\"@graph\":[{\"@type\":\"WebPage\",\"@id\":\"https:\\\/\\\/diargo.cl\\\/covid\\\/product\\\/antigeno-sd-biosensor-roche\\\/\",\"url\":\"https:\\\/\\\/diargo.cl\\\/covid\\\/product\\\/antigeno-sd-biosensor-roche\\\/\",\"name\":\"Test R\u00e1pido Ant\u00edgeno SARS-CoV-2 (COVID-19) ROCHE (Kit x 25 test)IVA INCLUIDO - Diargo Test R\u00e1pidos\",\"isPartOf\":{\"@id\":\"https:\\\/\\\/diargo.cl\\\/covid\\\/#website\"},\"primaryImageOfPage\":{\"@id\":\"https:\\\/\\\/diargo.cl\\\/covid\\\/product\\\/antigeno-sd-biosensor-roche\\\/#primaryimage\"},\"image\":{\"@id\":\"https:\\\/\\\/diargo.cl\\\/covid\\\/product\\\/antigeno-sd-biosensor-roche\\\/#primaryimage\"},\"thumbnailUrl\":\"https:\\\/\\\/diargo.cl\\\/covid\\\/wp-content\\\/uploads\\\/2021\\\/02\\\/diargo-cps-sars-cov-2-kit-test-rapido-antigeno-square.jpg\",\"datePublished\":\"2017-01-16T10:11:16+00:00\",\"dateModified\":\"2022-05-31T18:44:52+00:00\",\"breadcrumb\":{\"@id\":\"https:\\\/\\\/diargo.cl\\\/covid\\\/product\\\/antigeno-sd-biosensor-roche\\\/#breadcrumb\"},\"inLanguage\":\"es-AR\",\"potentialAction\":[{\"@type\":\"ReadAction\",\"target\":[\"https:\\\/\\\/diargo.cl\\\/covid\\\/product\\\/antigeno-sd-biosensor-roche\\\/\"]}]},{\"@type\":\"ImageObject\",\"inLanguage\":\"es-AR\",\"@id\":\"https:\\\/\\\/diargo.cl\\\/covid\\\/product\\\/antigeno-sd-biosensor-roche\\\/#primaryimage\",\"url\":\"https:\\\/\\\/diargo.cl\\\/covid\\\/wp-content\\\/uploads\\\/2021\\\/02\\\/diargo-cps-sars-cov-2-kit-test-rapido-antigeno-square.jpg\",\"contentUrl\":\"https:\\\/\\\/diargo.cl\\\/covid\\\/wp-content\\\/uploads\\\/2021\\\/02\\\/diargo-cps-sars-cov-2-kit-test-rapido-antigeno-square.jpg\",\"width\":1200,\"height\":1200},{\"@type\":\"BreadcrumbList\",\"@id\":\"https:\\\/\\\/diargo.cl\\\/covid\\\/product\\\/antigeno-sd-biosensor-roche\\\/#breadcrumb\",\"itemListElement\":[{\"@type\":\"ListItem\",\"position\":1,\"name\":\"Inicio\",\"item\":\"https:\\\/\\\/diargo.cl\\\/covid\\\/\"},{\"@type\":\"ListItem\",\"position\":2,\"name\":\"Tienda\",\"item\":\"https:\\\/\\\/diargo.cl\\\/covid\\\/tienda\\\/\"},{\"@type\":\"ListItem\",\"position\":3,\"name\":\"Test R\u00e1pido Ant\u00edgeno SARS-CoV-2 (COVID-19) ROCHE (Kit x 25 test)IVA INCLUIDO\"}]},{\"@type\":\"WebSite\",\"@id\":\"https:\\\/\\\/diargo.cl\\\/covid\\\/#website\",\"url\":\"https:\\\/\\\/diargo.cl\\\/covid\\\/\",\"name\":\"Diargo Test R\u00e1pidos\",\"description\":\"Test r\u00e1pidos de ant\u00edgenos\",\"publisher\":{\"@id\":\"https:\\\/\\\/diargo.cl\\\/covid\\\/#organization\"},\"potentialAction\":[{\"@type\":\"SearchAction\",\"target\":{\"@type\":\"EntryPoint\",\"urlTemplate\":\"https:\\\/\\\/diargo.cl\\\/covid\\\/?s={search_term_string}\"},\"query-input\":{\"@type\":\"PropertyValueSpecification\",\"valueRequired\":true,\"valueName\":\"search_term_string\"}}],\"inLanguage\":\"es-AR\"},{\"@type\":\"Organization\",\"@id\":\"https:\\\/\\\/diargo.cl\\\/covid\\\/#organization\",\"name\":\"Diargo\",\"url\":\"https:\\\/\\\/diargo.cl\\\/covid\\\/\",\"logo\":{\"@type\":\"ImageObject\",\"inLanguage\":\"es-AR\",\"@id\":\"https:\\\/\\\/diargo.cl\\\/covid\\\/#\\\/schema\\\/logo\\\/image\\\/\",\"url\":\"https:\\\/\\\/diargo.cl\\\/covid\\\/wp-content\\\/uploads\\\/2021\\\/02\\\/cropped-diargao-marca.png\",\"contentUrl\":\"https:\\\/\\\/diargo.cl\\\/covid\\\/wp-content\\\/uploads\\\/2021\\\/02\\\/cropped-diargao-marca.png\",\"width\":200,\"height\":47,\"caption\":\"Diargo\"},\"image\":{\"@id\":\"https:\\\/\\\/diargo.cl\\\/covid\\\/#\\\/schema\\\/logo\\\/image\\\/\"},\"sameAs\":[\"https:\\\/\\\/www.facebook.com\\\/diargospa\\\/\",\"https:\\\/\\\/www.instagram.com\\\/diargo.spa\\\/?hl=es-la\",\"https:\\\/\\\/www.linkedin.com\\\/company\\\/diargospa\\\/about\\\/\"]}]}<\/script>\n<!-- \/ Yoast SEO plugin. -->","yoast_head_json":{"title":"Test R\u00e1pido Ant\u00edgeno SARS-CoV-2 (COVID-19) ROCHE (Kit x 25 test)IVA INCLUIDO - Diargo Test R\u00e1pidos","robots":{"index":"index","follow":"follow","max-snippet":"max-snippet:-1","max-image-preview":"max-image-preview:large","max-video-preview":"max-video-preview:-1"},"canonical":"https:\/\/diargo.cl\/covid\/product\/antigeno-sd-biosensor-roche\/","og_locale":"es_ES","og_type":"article","og_title":"Test R\u00e1pido Ant\u00edgeno SARS-CoV-2 (COVID-19) ROCHE (Kit x 25 test)IVA INCLUIDO - Diargo Test R\u00e1pidos","og_description":"El test r\u00e1pido de anticuerpos contra el SARS-CoV-2 est\u00e1 dise\u00f1ado para\u00a0usarse como ayuda en la identificaci\u00f3n de individuos con una respuesta inmune adaptativa al SARS-CoV-2, lo que indica una infecci\u00f3n previa.\u00a0Esta prueba r\u00e1pida de flujo lateral est\u00e1 destinada para el uso profesional en el laboratorio y en entornos Point of Care (POC).  Precio con IVA INCLUIDO","og_url":"https:\/\/diargo.cl\/covid\/product\/antigeno-sd-biosensor-roche\/","og_site_name":"Diargo Test R\u00e1pidos","article_publisher":"https:\/\/www.facebook.com\/diargospa\/","article_modified_time":"2022-05-31T18:44:52+00:00","og_image":[{"width":1200,"height":1200,"url":"https:\/\/diargo.cl\/covid\/wp-content\/uploads\/2021\/02\/diargo-cps-sars-cov-2-kit-test-rapido-antigeno-square.jpg","type":"image\/jpeg"}],"twitter_card":"summary_large_image","schema":{"@context":"https:\/\/schema.org","@graph":[{"@type":"WebPage","@id":"https:\/\/diargo.cl\/covid\/product\/antigeno-sd-biosensor-roche\/","url":"https:\/\/diargo.cl\/covid\/product\/antigeno-sd-biosensor-roche\/","name":"Test R\u00e1pido Ant\u00edgeno SARS-CoV-2 (COVID-19) ROCHE (Kit x 25 test)IVA INCLUIDO - Diargo Test R\u00e1pidos","isPartOf":{"@id":"https:\/\/diargo.cl\/covid\/#website"},"primaryImageOfPage":{"@id":"https:\/\/diargo.cl\/covid\/product\/antigeno-sd-biosensor-roche\/#primaryimage"},"image":{"@id":"https:\/\/diargo.cl\/covid\/product\/antigeno-sd-biosensor-roche\/#primaryimage"},"thumbnailUrl":"https:\/\/diargo.cl\/covid\/wp-content\/uploads\/2021\/02\/diargo-cps-sars-cov-2-kit-test-rapido-antigeno-square.jpg","datePublished":"2017-01-16T10:11:16+00:00","dateModified":"2022-05-31T18:44:52+00:00","breadcrumb":{"@id":"https:\/\/diargo.cl\/covid\/product\/antigeno-sd-biosensor-roche\/#breadcrumb"},"inLanguage":"es-AR","potentialAction":[{"@type":"ReadAction","target":["https:\/\/diargo.cl\/covid\/product\/antigeno-sd-biosensor-roche\/"]}]},{"@type":"ImageObject","inLanguage":"es-AR","@id":"https:\/\/diargo.cl\/covid\/product\/antigeno-sd-biosensor-roche\/#primaryimage","url":"https:\/\/diargo.cl\/covid\/wp-content\/uploads\/2021\/02\/diargo-cps-sars-cov-2-kit-test-rapido-antigeno-square.jpg","contentUrl":"https:\/\/diargo.cl\/covid\/wp-content\/uploads\/2021\/02\/diargo-cps-sars-cov-2-kit-test-rapido-antigeno-square.jpg","width":1200,"height":1200},{"@type":"BreadcrumbList","@id":"https:\/\/diargo.cl\/covid\/product\/antigeno-sd-biosensor-roche\/#breadcrumb","itemListElement":[{"@type":"ListItem","position":1,"name":"Inicio","item":"https:\/\/diargo.cl\/covid\/"},{"@type":"ListItem","position":2,"name":"Tienda","item":"https:\/\/diargo.cl\/covid\/tienda\/"},{"@type":"ListItem","position":3,"name":"Test R\u00e1pido Ant\u00edgeno SARS-CoV-2 (COVID-19) ROCHE (Kit x 25 test)IVA INCLUIDO"}]},{"@type":"WebSite","@id":"https:\/\/diargo.cl\/covid\/#website","url":"https:\/\/diargo.cl\/covid\/","name":"Diargo Test R\u00e1pidos","description":"Test r\u00e1pidos de ant\u00edgenos","publisher":{"@id":"https:\/\/diargo.cl\/covid\/#organization"},"potentialAction":[{"@type":"SearchAction","target":{"@type":"EntryPoint","urlTemplate":"https:\/\/diargo.cl\/covid\/?s={search_term_string}"},"query-input":{"@type":"PropertyValueSpecification","valueRequired":true,"valueName":"search_term_string"}}],"inLanguage":"es-AR"},{"@type":"Organization","@id":"https:\/\/diargo.cl\/covid\/#organization","name":"Diargo","url":"https:\/\/diargo.cl\/covid\/","logo":{"@type":"ImageObject","inLanguage":"es-AR","@id":"https:\/\/diargo.cl\/covid\/#\/schema\/logo\/image\/","url":"https:\/\/diargo.cl\/covid\/wp-content\/uploads\/2021\/02\/cropped-diargao-marca.png","contentUrl":"https:\/\/diargo.cl\/covid\/wp-content\/uploads\/2021\/02\/cropped-diargao-marca.png","width":200,"height":47,"caption":"Diargo"},"image":{"@id":"https:\/\/diargo.cl\/covid\/#\/schema\/logo\/image\/"},"sameAs":["https:\/\/www.facebook.com\/diargospa\/","https:\/\/www.instagram.com\/diargo.spa\/?hl=es-la","https:\/\/www.linkedin.com\/company\/diargospa\/about\/"]}]}},"_links":{"self":[{"href":"https:\/\/diargo.cl\/covid\/wp-json\/wp\/v2\/product\/261","targetHints":{"allow":["GET"]}}],"collection":[{"href":"https:\/\/diargo.cl\/covid\/wp-json\/wp\/v2\/product"}],"about":[{"href":"https:\/\/diargo.cl\/covid\/wp-json\/wp\/v2\/types\/product"}],"wp:featuredmedia":[{"embeddable":true,"href":"https:\/\/diargo.cl\/covid\/wp-json\/wp\/v2\/media\/2226"}],"wp:attachment":[{"href":"https:\/\/diargo.cl\/covid\/wp-json\/wp\/v2\/media?parent=261"}],"wp:term":[{"taxonomy":"product_brand","embeddable":true,"href":"https:\/\/diargo.cl\/covid\/wp-json\/wp\/v2\/product_brand?post=261"},{"taxonomy":"product_cat","embeddable":true,"href":"https:\/\/diargo.cl\/covid\/wp-json\/wp\/v2\/product_cat?post=261"},{"taxonomy":"product_tag","embeddable":true,"href":"https:\/\/diargo.cl\/covid\/wp-json\/wp\/v2\/product_tag?post=261"}],"curies":[{"name":"wp","href":"https:\/\/api.w.org\/{rel}","templated":true}]}}